{"id":113,"date":"2016-07-12T18:48:17","date_gmt":"2016-07-12T18:48:17","guid":{"rendered":"http:\/\/146.83.216.167\/?page_id=113"},"modified":"2023-01-10T15:13:03","modified_gmt":"2023-01-10T15:13:03","slug":"karen-moreno","status":"publish","type":"page","link":"http:\/\/ict.uach.cl\/?page_id=113&lang=es","title":{"rendered":"Karen Moreno"},"content":{"rendered":"<p><img decoding=\"async\" loading=\"lazy\" class=\"alignright wp-image-136\" src=\"https:\/\/i0.wp.com\/ict.uach.cl\/wp-content\/uploads\/2016\/07\/12920460_10153666952553337_8794601162254029053_n.jpg?resize=120%2C120\" alt=\"Karen Moreno\" width=\"120\" height=\"120\" data-recalc-dims=\"1\" \/><\/p>\n<h2>Contacto<\/h2>\n<ul>\n<li>Mail : karenmoreno AT uach.cl<\/li>\n<li>Tel\u00e9fono : +56 63 2221448<\/li>\n<li>Oficina : 318<\/li>\n<li>Web : <a href=\"https:\/\/scholar.google.de\/citations?user=mR2bCuIAAAAJ&amp;hl=en\" target=\"_blank\">google scholar<\/a>, <a href=\"https:\/\/www.researchgate.net\/profile\/Karen_Moreno3\" target=\"_blank\">Researcher ID<\/a><\/li>\n<\/ul>\n\n\n\n\n\n\n\n\n","protected":false},"excerpt":{"rendered":"<p>Contacto Mail : karenmoreno AT uach.cl Tel\u00e9fono : +56 63 2221448 Oficina : 318 Web : google scholar, Researcher ID<\/p>\n","protected":false},"author":5,"featured_media":0,"parent":0,"menu_order":0,"comment_status":"closed","ping_status":"closed","template":"","meta":[],"jetpack_sharing_enabled":true,"jetpack_shortlink":"https:\/\/wp.me\/P7KgB1-1P","jetpack-related-posts":[{"id":31,"url":"http:\/\/ict.uach.cl\/?page_id=31&lang=es","url_meta":{"origin":113,"position":0},"title":"Presentaci\u00f3n","date":"30 June, 2016","format":false,"excerpt":"El Instituto de Ciencias de la Tierra fue creado el 10 de mayo 2015 y se inscribe en una l\u00ednea de tradici\u00f3n de las Geociencias en la Universidad Austral de Chile. Esta tradici\u00f3n comienza al inicio de esta universidad con el Instituto de Geolog\u00eda y Geograf\u00eda, fundado en 1957, y\u2026","rel":"","context":"Similar post","img":{"alt_text":"","src":"","width":0,"height":0},"classes":[]}],"_links":{"self":[{"href":"http:\/\/ict.uach.cl\/index.php?rest_route=\/wp\/v2\/pages\/113"}],"collection":[{"href":"http:\/\/ict.uach.cl\/index.php?rest_route=\/wp\/v2\/pages"}],"about":[{"href":"http:\/\/ict.uach.cl\/index.php?rest_route=\/wp\/v2\/types\/page"}],"author":[{"embeddable":true,"href":"http:\/\/ict.uach.cl\/index.php?rest_route=\/wp\/v2\/users\/5"}],"replies":[{"embeddable":true,"href":"http:\/\/ict.uach.cl\/index.php?rest_route=%2Fwp%2Fv2%2Fcomments&post=113"}],"version-history":[{"count":26,"href":"http:\/\/ict.uach.cl\/index.php?rest_route=\/wp\/v2\/pages\/113\/revisions"}],"predecessor-version":[{"id":1678,"href":"http:\/\/ict.uach.cl\/index.php?rest_route=\/wp\/v2\/pages\/113\/revisions\/1678"}],"wp:attachment":[{"href":"http:\/\/ict.uach.cl\/index.php?rest_route=%2Fwp%2Fv2%2Fmedia&parent=113"}],"curies":[{"name":"wp","href":"https:\/\/api.w.org\/{rel}","templated":true}]}}