{"id":1618,"date":"2022-04-01T15:28:43","date_gmt":"2022-04-01T15:28:43","guid":{"rendered":"http:\/\/ict.uach.cl\/?page_id=1618"},"modified":"2022-04-01T15:47:57","modified_gmt":"2022-04-01T15:47:57","slug":"laboratorio-de-petrografia","status":"publish","type":"page","link":"http:\/\/ict.uach.cl\/?page_id=1618&lang=es","title":{"rendered":"Laboratorio de Petrograf\u00eda"},"content":{"rendered":"<p><b>CALENDARIO DE RESERVAS<\/b><\/p>\n<p>Contactar a Alexandre Corgne para solicitar el acceso a este laboratorio. Cuenta con un microscopio petrogr\u00e1fico y una lupa binocular. El uso est\u00e1 restringido a acad\u00e9micos vinculados al Instituto de Ciencias de la Tierra y a los estudiantes de sus programas docentes.<\/p>\n<p><iframe loading=\"lazy\" style=\"border: 0;\" src=\"https:\/\/calendar.google.com\/calendar\/embed?src=l3nheemcnfusjek9hsebf2e41k%40group.calendar.google.com&amp;ctz=America%2FSantiago\" width=\"800\" height=\"600\" frameborder=\"0\" scrolling=\"no\"><\/iframe><\/p>\n","protected":false},"excerpt":{"rendered":"<p>CALENDARIO DE RESERVAS Contactar a Alexandre Corgne para solicitar el acceso a este laboratorio. Cuenta con un microscopio petrogr\u00e1fico y una lupa binocular. El uso est\u00e1 restringido a acad\u00e9micos vinculados al Instituto de Ciencias de la Tierra y a los estudiantes de sus programas docentes.<\/p>\n","protected":false},"author":3,"featured_media":0,"parent":0,"menu_order":0,"comment_status":"closed","ping_status":"closed","template":"","meta":[],"jetpack_sharing_enabled":true,"jetpack_shortlink":"https:\/\/wp.me\/P7KgB1-q6","jetpack-related-posts":[{"id":31,"url":"http:\/\/ict.uach.cl\/?page_id=31&lang=es","url_meta":{"origin":1618,"position":0},"title":"Presentaci\u00f3n","date":"30 June, 2016","format":false,"excerpt":"El Instituto de Ciencias de la Tierra fue creado el 10 de mayo 2015 y se inscribe en una l\u00ednea de tradici\u00f3n de las Geociencias en la Universidad Austral de Chile. Esta tradici\u00f3n comienza al inicio de esta universidad con el Instituto de Geolog\u00eda y Geograf\u00eda, fundado en 1957, y\u2026","rel":"","context":"Similar post","img":{"alt_text":"","src":"","width":0,"height":0},"classes":[]},{"id":36,"url":"http:\/\/ict.uach.cl\/?page_id=36&lang=es","url_meta":{"origin":1618,"position":1},"title":"Personal","date":"30 June, 2016","format":false,"excerpt":"Planta acad\u00e9mica Planta t\u00e9cnico-acad\u00e9mica, planta adjunta y profesionales Profesores emeritos Funcionarios no acad\u00e9micos","rel":"","context":"Similar post","img":{"alt_text":"","src":"","width":0,"height":0},"classes":[]}],"_links":{"self":[{"href":"http:\/\/ict.uach.cl\/index.php?rest_route=\/wp\/v2\/pages\/1618"}],"collection":[{"href":"http:\/\/ict.uach.cl\/index.php?rest_route=\/wp\/v2\/pages"}],"about":[{"href":"http:\/\/ict.uach.cl\/index.php?rest_route=\/wp\/v2\/types\/page"}],"author":[{"embeddable":true,"href":"http:\/\/ict.uach.cl\/index.php?rest_route=\/wp\/v2\/users\/3"}],"replies":[{"embeddable":true,"href":"http:\/\/ict.uach.cl\/index.php?rest_route=%2Fwp%2Fv2%2Fcomments&post=1618"}],"version-history":[{"count":6,"href":"http:\/\/ict.uach.cl\/index.php?rest_route=\/wp\/v2\/pages\/1618\/revisions"}],"predecessor-version":[{"id":1625,"href":"http:\/\/ict.uach.cl\/index.php?rest_route=\/wp\/v2\/pages\/1618\/revisions\/1625"}],"wp:attachment":[{"href":"http:\/\/ict.uach.cl\/index.php?rest_route=%2Fwp%2Fv2%2Fmedia&parent=1618"}],"curies":[{"name":"wp","href":"https:\/\/api.w.org\/{rel}","templated":true}]}}