{"id":239,"date":"2016-07-21T21:55:48","date_gmt":"2016-07-21T21:55:48","guid":{"rendered":"http:\/\/146.83.216.167\/?page_id=239"},"modified":"2018-05-17T22:12:40","modified_gmt":"2018-05-17T22:12:40","slug":"material-de-terreno","status":"publish","type":"page","link":"http:\/\/ict.uach.cl\/?page_id=239&lang=es","title":{"rendered":"Equipamientos de terreno"},"content":{"rendered":"<p><strong>Toma de muestras (Rocas, sedimentos, agua)<\/strong><\/p>\n<p>&#8211; Cortadera port\u00e1til 2 discos para cortar rocas<br \/>\n&#8211; Taladro de testigos de rocas<br \/>\n&#8211; Taladro de testigos sedimentarios de interface agua sedimento<br \/>\n&#8211; Lancha (Huala II) y trailer completamente equipada para navegaci\u00f3n<br \/>\n  y toma de muestras de sedimentos en lagos, estuarios y borde costero<br \/>\n&#8211; Centr\u00edfuga port\u00e1til<\/p>\n<p><strong>Topograf\u00eda<\/strong><\/p>\n<p>&#8211; Estaci\u00f3n total TRIMBLE<\/p>\n<div class=\"gca-column one-half first\"><p><img data-attachment-id=\"1081\" data-permalink=\"http:\/\/ict.uach.cl\/?attachment_id=1081\" data-orig-file=\"https:\/\/i0.wp.com\/ict.uach.cl\/wp-content\/uploads\/2016\/07\/IMG_0514.jpg?fit=5152%2C3864\" data-orig-size=\"5152,3864\" data-comments-opened=\"0\" data-image-meta=\"{&quot;aperture&quot;:&quot;4&quot;,&quot;credit&quot;:&quot;&quot;,&quot;camera&quot;:&quot;Canon PowerShot ELPH 160&quot;,&quot;caption&quot;:&quot;&quot;,&quot;created_timestamp&quot;:&quot;1456572368&quot;,&quot;copyright&quot;:&quot;&quot;,&quot;focal_length&quot;:&quot;10.488&quot;,&quot;iso&quot;:&quot;100&quot;,&quot;shutter_speed&quot;:&quot;0.01&quot;,&quot;title&quot;:&quot;&quot;,&quot;orientation&quot;:&quot;1&quot;}\" data-image-title=\"IMG_0514\" data-image-description=\"\" data-image-caption=\"\" data-medium-file=\"https:\/\/i0.wp.com\/ict.uach.cl\/wp-content\/uploads\/2016\/07\/IMG_0514.jpg?fit=300%2C225\" data-large-file=\"https:\/\/i0.wp.com\/ict.uach.cl\/wp-content\/uploads\/2016\/07\/IMG_0514.jpg?fit=1024%2C768\" decoding=\"async\" loading=\"lazy\" class=\"alignnone wp-image-1081\" src=\"https:\/\/i0.wp.com\/ict.uach.cl\/wp-content\/uploads\/2016\/07\/IMG_0514.jpg?resize=367%2C275\" alt=\"IMG_0514\" width=\"367\" height=\"275\" srcset=\"https:\/\/i0.wp.com\/ict.uach.cl\/wp-content\/uploads\/2016\/07\/IMG_0514.jpg?resize=300%2C225 300w, https:\/\/i0.wp.com\/ict.uach.cl\/wp-content\/uploads\/2016\/07\/IMG_0514.jpg?resize=768%2C576 768w, https:\/\/i0.wp.com\/ict.uach.cl\/wp-content\/uploads\/2016\/07\/IMG_0514.jpg?resize=1024%2C768 1024w, https:\/\/i0.wp.com\/ict.uach.cl\/wp-content\/uploads\/2016\/07\/IMG_0514.jpg?w=1992 1992w, https:\/\/i0.wp.com\/ict.uach.cl\/wp-content\/uploads\/2016\/07\/IMG_0514.jpg?w=2988 2988w\" sizes=\"(max-width: 367px) 100vw, 367px\" data-recalc-dims=\"1\" \/><\/div>\n<div class=\"gca-column one-half\"><p><img data-attachment-id=\"1082\" data-permalink=\"http:\/\/ict.uach.cl\/?attachment_id=1082\" data-orig-file=\"https:\/\/i0.wp.com\/ict.uach.cl\/wp-content\/uploads\/2016\/07\/IMG_0851.jpg?fit=1196%2C1786\" data-orig-size=\"1196,1786\" data-comments-opened=\"0\" data-image-meta=\"{&quot;aperture&quot;:&quot;4&quot;,&quot;credit&quot;:&quot;&quot;,&quot;camera&quot;:&quot;Canon PowerShot A710 IS&quot;,&quot;caption&quot;:&quot;&quot;,&quot;created_timestamp&quot;:&quot;1299962198&quot;,&quot;copyright&quot;:&quot;&quot;,&quot;focal_length&quot;:&quot;5.8&quot;,&quot;iso&quot;:&quot;0&quot;,&quot;shutter_speed&quot;:&quot;0.003125&quot;,&quot;title&quot;:&quot;&quot;,&quot;orientation&quot;:&quot;0&quot;}\" data-image-title=\"IMG_0851\" data-image-description=\"\" data-image-caption=\"\" data-medium-file=\"https:\/\/i0.wp.com\/ict.uach.cl\/wp-content\/uploads\/2016\/07\/IMG_0851.jpg?fit=201%2C300\" data-large-file=\"https:\/\/i0.wp.com\/ict.uach.cl\/wp-content\/uploads\/2016\/07\/IMG_0851.jpg?fit=686%2C1024\" decoding=\"async\" loading=\"lazy\" class=\" wp-image-1082 alignnone\" src=\"https:\/\/i0.wp.com\/ict.uach.cl\/wp-content\/uploads\/2016\/07\/IMG_0851.jpg?resize=185%2C276\" alt=\"IMG_0851\" width=\"185\" height=\"276\" srcset=\"https:\/\/i0.wp.com\/ict.uach.cl\/wp-content\/uploads\/2016\/07\/IMG_0851.jpg?resize=201%2C300 201w, https:\/\/i0.wp.com\/ict.uach.cl\/wp-content\/uploads\/2016\/07\/IMG_0851.jpg?resize=768%2C1147 768w, https:\/\/i0.wp.com\/ict.uach.cl\/wp-content\/uploads\/2016\/07\/IMG_0851.jpg?resize=686%2C1024 686w, https:\/\/i0.wp.com\/ict.uach.cl\/wp-content\/uploads\/2016\/07\/IMG_0851.jpg?w=1196 1196w\" sizes=\"(max-width: 185px) 100vw, 185px\" data-recalc-dims=\"1\" \/><\/div>\n<p>&nbsp;<\/p>\n","protected":false},"excerpt":{"rendered":"<p>Toma de muestras (Rocas, sedimentos, agua) &#8211; Cortadera port\u00e1til 2 discos para cortar rocas &#8211; Taladro de testigos de rocas &#8211; Taladro de testigos sedimentarios de interface agua sedimento &#8211; Lancha (Huala II) y trailer completamente equipada para navegaci\u00f3n y toma de muestras de sedimentos en lagos, estuarios y borde costero &#8211; Centr\u00edfuga port\u00e1til Topograf\u00eda [&hellip;]<\/p>\n","protected":false},"author":3,"featured_media":0,"parent":0,"menu_order":0,"comment_status":"closed","ping_status":"closed","template":"","meta":[],"jetpack_sharing_enabled":true,"jetpack_shortlink":"https:\/\/wp.me\/P7KgB1-3R","jetpack-related-posts":[{"id":31,"url":"http:\/\/ict.uach.cl\/?page_id=31&lang=es","url_meta":{"origin":239,"position":0},"title":"Presentaci\u00f3n","date":"30 June, 2016","format":false,"excerpt":"El Instituto de Ciencias de la Tierra fue creado el 10 de mayo 2015 y se inscribe en una l\u00ednea de tradici\u00f3n de las Geociencias en la Universidad Austral de Chile. Esta tradici\u00f3n comienza al inicio de esta universidad con el Instituto de Geolog\u00eda y Geograf\u00eda, fundado en 1957, y\u2026","rel":"","context":"Similar post","img":{"alt_text":"","src":"","width":0,"height":0},"classes":[]},{"id":36,"url":"http:\/\/ict.uach.cl\/?page_id=36&lang=es","url_meta":{"origin":239,"position":1},"title":"Personal","date":"30 June, 2016","format":false,"excerpt":"Planta acad\u00e9mica Planta t\u00e9cnico-acad\u00e9mica, planta adjunta y profesionales Profesores emeritos Funcionarios no acad\u00e9micos","rel":"","context":"Similar post","img":{"alt_text":"","src":"","width":0,"height":0},"classes":[]}],"_links":{"self":[{"href":"http:\/\/ict.uach.cl\/index.php?rest_route=\/wp\/v2\/pages\/239"}],"collection":[{"href":"http:\/\/ict.uach.cl\/index.php?rest_route=\/wp\/v2\/pages"}],"about":[{"href":"http:\/\/ict.uach.cl\/index.php?rest_route=\/wp\/v2\/types\/page"}],"author":[{"embeddable":true,"href":"http:\/\/ict.uach.cl\/index.php?rest_route=\/wp\/v2\/users\/3"}],"replies":[{"embeddable":true,"href":"http:\/\/ict.uach.cl\/index.php?rest_route=%2Fwp%2Fv2%2Fcomments&post=239"}],"version-history":[{"count":20,"href":"http:\/\/ict.uach.cl\/index.php?rest_route=\/wp\/v2\/pages\/239\/revisions"}],"predecessor-version":[{"id":1100,"href":"http:\/\/ict.uach.cl\/index.php?rest_route=\/wp\/v2\/pages\/239\/revisions\/1100"}],"wp:attachment":[{"href":"http:\/\/ict.uach.cl\/index.php?rest_route=%2Fwp%2Fv2%2Fmedia&parent=239"}],"curies":[{"name":"wp","href":"https:\/\/api.w.org\/{rel}","templated":true}]}}