{"id":245,"date":"2016-07-21T21:58:30","date_gmt":"2016-07-21T21:58:30","guid":{"rendered":"http:\/\/146.83.216.167\/?page_id=245"},"modified":"2020-03-03T14:11:52","modified_gmt":"2020-03-03T14:11:52","slug":"laboratorio-de-geoquimica","status":"publish","type":"page","link":"http:\/\/ict.uach.cl\/?page_id=245&lang=es","title":{"rendered":"Geoqu\u00edmica"},"content":{"rendered":"<p>El Laboratorio de Geoqu\u00edmica es un nuevo laboratorio de la Universidad Austral de Chile. Desde enero 2017, el laboratorio cuenta con instrumentos anal\u00edticos de \u00faltima generaci\u00f3n que permiten medir concentraciones elementales muy bajas (trazas) en muestras s\u00f3lidas pulverizadas y muestras l\u00edquidas. El Laboratorio de Geoqu\u00edmica incluye el Laboratorio de Espectrometr\u00eda de Masas y el Laboratorio de Preparaci\u00f3n de Muestras.<\/p>\n<p><a href=\"http:\/\/ict.uach.cl\/wp-content\/uploads\/2020\/03\/Formulario-Cotizacion-v2.pdf\">Formulario de Cotizaci\u00f3n<\/a><\/p>\n<p><strong>1. Laboratorio de Espectrometr\u00eda de Masas con Plasma de Acoplamiento Inductivo (ICP-MS)<\/strong><\/p>\n<p><img data-attachment-id=\"577\" data-permalink=\"http:\/\/ict.uach.cl\/?attachment_id=577\" data-orig-file=\"https:\/\/i0.wp.com\/ict.uach.cl\/wp-content\/uploads\/2017\/03\/icp-lab-e1488934694528.jpg?fit=700%2C304\" data-orig-size=\"700,304\" data-comments-opened=\"0\" data-image-meta=\"{&quot;aperture&quot;:&quot;0&quot;,&quot;credit&quot;:&quot;&quot;,&quot;camera&quot;:&quot;GT-S7580E&quot;,&quot;caption&quot;:&quot;&quot;,&quot;created_timestamp&quot;:&quot;1488906811&quot;,&quot;copyright&quot;:&quot;&quot;,&quot;focal_length&quot;:&quot;0&quot;,&quot;iso&quot;:&quot;0&quot;,&quot;shutter_speed&quot;:&quot;0&quot;,&quot;title&quot;:&quot;&quot;,&quot;orientation&quot;:&quot;1&quot;}\" data-image-title=\"Servicios\" data-image-description=\"\" data-image-caption=\"\" data-medium-file=\"https:\/\/i0.wp.com\/ict.uach.cl\/wp-content\/uploads\/2017\/03\/icp-lab-e1488934694528.jpg?fit=300%2C130\" data-large-file=\"https:\/\/i0.wp.com\/ict.uach.cl\/wp-content\/uploads\/2017\/03\/icp-lab-e1488934694528.jpg?fit=1024%2C445\" decoding=\"async\" loading=\"lazy\" class=\"alignnone wp-image-577\" src=\"https:\/\/i0.wp.com\/ict.uach.cl\/wp-content\/uploads\/2017\/03\/icp-lab-e1488934694528.jpg?resize=750%2C326\" alt=\"icp-lab\" width=\"750\" height=\"326\" data-recalc-dims=\"1\" \/><br \/>\nEl espectr\u00f3metro de masas ICP-MS es un instrumento muy vers\u00e1til que permite medir, en una gran variedad de matrices y en s\u00f3lo algunos minutos, concentraciones muy peque\u00f1as de la mayor\u00eda de los elementos qu\u00edmicos, desde <sup>6<\/sup>Li hasta <sup>238<\/sup>U. Las aplicaciones y los tipos de materiales analizados por ICP-MS son m\u00faltiples como lo indica el siguiente listado:<\/p>\n<p style=\"padding-left: 30px;\">&#8211; Aplicaciones ambientales: calidad qu\u00edmica del agua y del aire, estudio de impacto ambiental, etc.<br \/>\n&#8211; Aplicaciones en ciencias de la salud: alimentos, farmac\u00e9uticos, etc.<br \/>\n&#8211; Aplicaciones en ciencias agrarias: suelos, tejidos animales y vegetales, alimentos, etc.<br \/>\n&#8211; Aplicaciones geol\u00f3gicas: rocas, minerales, meteoritos, suelos, aguas, etc.<br \/>\n&#8211; Aplicaciones biol\u00f3gicas: tejidos y fluidos (animales y vegetales), huesos, dientes, etc.<br \/>\n&#8211; Aplicaciones arqueol\u00f3gicas: artefactos de cer\u00e1mica y metal, rocas, suelos, huesos, dientes, etc.<br \/>\n&#8211; Aplicaciones industriales (control de calidad): m\u00faltiples materiales<br \/>\n&#8211; Aplicaciones forense: drogas, suelos, pintura, metales, vidrios, etc.<\/p>\n<p>Nuestro laboratorio es principalmente optimizado para aplicaciones geol\u00f3gicas, arqueol\u00f3gicas, ambientales y en ciencias agrarias, pero puede acomodar proyectos de otros \u00e1mbitos. El Laboratorio contiene los siguientes instrumentos:<\/p>\n<p style=\"padding-left: 30px;\">&#8211; Espectr\u00f3metro de masas ICP-MS cuadrupolo (modelo Thermo iCAP RQ).<br \/>\n&#8211; Autosampler (modelo Elemental Scientific SC-4DX).<br \/>\n&#8211; Accesorios: bomba de vac\u00edo, chiller, red de gases, UPS, estaci\u00f3n de trabajo.<\/p>\n<p>Estos instrumentos fueron adquiridos gracias al proyecto FONDEQUIP EQM 150107 de CONICYT liderado por acad\u00e9micos del Instituto de Ciencias de la Tierra.<\/p>\n<div><\/div>\n<p><strong>2. Laboratorio de Preparaci\u00f3n de Muestras<\/strong><\/p>\n<p><img data-attachment-id=\"576\" data-permalink=\"http:\/\/ict.uach.cl\/?attachment_id=576\" data-orig-file=\"https:\/\/i0.wp.com\/ict.uach.cl\/wp-content\/uploads\/2017\/03\/prep-lab-e1488934762524.jpg?fit=700%2C301\" data-orig-size=\"700,301\" data-comments-opened=\"0\" data-image-meta=\"{&quot;aperture&quot;:&quot;0&quot;,&quot;credit&quot;:&quot;&quot;,&quot;camera&quot;:&quot;GT-S7580E&quot;,&quot;caption&quot;:&quot;&quot;,&quot;created_timestamp&quot;:&quot;1488906735&quot;,&quot;copyright&quot;:&quot;&quot;,&quot;focal_length&quot;:&quot;0&quot;,&quot;iso&quot;:&quot;0&quot;,&quot;shutter_speed&quot;:&quot;0&quot;,&quot;title&quot;:&quot;&quot;,&quot;orientation&quot;:&quot;1&quot;}\" data-image-title=\"prep-lab\" data-image-description=\"\" data-image-caption=\"\" data-medium-file=\"https:\/\/i0.wp.com\/ict.uach.cl\/wp-content\/uploads\/2017\/03\/prep-lab-e1488934762524.jpg?fit=300%2C129\" data-large-file=\"https:\/\/i0.wp.com\/ict.uach.cl\/wp-content\/uploads\/2017\/03\/prep-lab-e1488934762524.jpg?fit=1024%2C440\" decoding=\"async\" loading=\"lazy\" class=\"alignnone wp-image-576\" src=\"https:\/\/i0.wp.com\/ict.uach.cl\/wp-content\/uploads\/2017\/03\/prep-lab.jpg?resize=750%2C323\" alt=\"prep-lab\" width=\"750\" height=\"323\" data-recalc-dims=\"1\" \/><br \/>\nEn este laboratorio, se realizan ataques \u00e1cidos y puesta en soluci\u00f3n de muestras s\u00f3lidas pulverizadas (rocas, minerales, sedimentos, etc.). Tambi\u00e9n se preparan muestras l\u00edquidas y distintas soluciones necesarias para calibrar los an\u00e1lisis qu\u00edmicos (est\u00e1ndares, blancos, etc.). El laboratorio contiene los siguientes instrumentos:<\/p>\n<p style=\"padding-left: 30px;\">&#8211; Digestor micro-ondas (Milestone ETHOS EASY)<br \/>\n&#8211; Purificador de agua (ELGA PureLab Ultra).<br \/>\n&#8211; Purificador de \u00e1cidos (Milestone duoPUR).<br \/>\n&#8211; Balanza anal\u00edtica con calibraci\u00f3n interna (m\u00e1x. 220 g, resoluci\u00f3n 0,1 mg).<br \/>\n&#8211; Campana de extracci\u00f3n tipo canopy.<\/p>\n<div><\/div>\n<p><strong>Contacto<\/strong><br \/>\nEl Laboratorio de Geoqu\u00edmica ofrece servicios anal\u00edticos a usuarios acad\u00e9micos y no acad\u00e9micos. Para solicitar la utilizaci\u00f3n de nuestros instrumentos, dirigirse a:<br \/>\n<a href=\"http:\/\/ict.uach.cl\/?page_id=208\">Dr. Manuel Schilling<\/a> (Coordinador cient\u00edfico)<\/p>\n","protected":false},"excerpt":{"rendered":"<p>El Laboratorio de Geoqu\u00edmica es un nuevo laboratorio de la Universidad Austral de Chile. Desde enero 2017, el laboratorio cuenta con instrumentos anal\u00edticos de \u00faltima generaci\u00f3n que permiten medir concentraciones elementales muy bajas (trazas) en muestras s\u00f3lidas pulverizadas y muestras l\u00edquidas. El Laboratorio de Geoqu\u00edmica incluye el Laboratorio de Espectrometr\u00eda de Masas y el Laboratorio [&hellip;]<\/p>\n","protected":false},"author":3,"featured_media":0,"parent":0,"menu_order":0,"comment_status":"closed","ping_status":"closed","template":"","meta":[],"jetpack_sharing_enabled":true,"jetpack_shortlink":"https:\/\/wp.me\/P7KgB1-3X","jetpack-related-posts":[{"id":31,"url":"http:\/\/ict.uach.cl\/?page_id=31&lang=es","url_meta":{"origin":245,"position":0},"title":"Presentaci\u00f3n","date":"30 June, 2016","format":false,"excerpt":"El Instituto de Ciencias de la Tierra fue creado el 10 de mayo 2015 y se inscribe en una l\u00ednea de tradici\u00f3n de las Geociencias en la Universidad Austral de Chile. Esta tradici\u00f3n comienza al inicio de esta universidad con el Instituto de Geolog\u00eda y Geograf\u00eda, fundado en 1957, y\u2026","rel":"","context":"Similar post","img":{"alt_text":"","src":"","width":0,"height":0},"classes":[]}],"_links":{"self":[{"href":"http:\/\/ict.uach.cl\/index.php?rest_route=\/wp\/v2\/pages\/245"}],"collection":[{"href":"http:\/\/ict.uach.cl\/index.php?rest_route=\/wp\/v2\/pages"}],"about":[{"href":"http:\/\/ict.uach.cl\/index.php?rest_route=\/wp\/v2\/types\/page"}],"author":[{"embeddable":true,"href":"http:\/\/ict.uach.cl\/index.php?rest_route=\/wp\/v2\/users\/3"}],"replies":[{"embeddable":true,"href":"http:\/\/ict.uach.cl\/index.php?rest_route=%2Fwp%2Fv2%2Fcomments&post=245"}],"version-history":[{"count":72,"href":"http:\/\/ict.uach.cl\/index.php?rest_route=\/wp\/v2\/pages\/245\/revisions"}],"predecessor-version":[{"id":1432,"href":"http:\/\/ict.uach.cl\/index.php?rest_route=\/wp\/v2\/pages\/245\/revisions\/1432"}],"wp:attachment":[{"href":"http:\/\/ict.uach.cl\/index.php?rest_route=%2Fwp%2Fv2%2Fmedia&parent=245"}],"curies":[{"name":"wp","href":"https:\/\/api.w.org\/{rel}","templated":true}]}}