{"id":247,"date":"2016-07-21T21:58:48","date_gmt":"2016-07-21T21:58:48","guid":{"rendered":"http:\/\/146.83.216.167\/?page_id=247"},"modified":"2018-05-17T19:58:13","modified_gmt":"2018-05-17T19:58:13","slug":"laboratorio-de-sedimentologia","status":"publish","type":"page","link":"http:\/\/ict.uach.cl\/?page_id=247&lang=es","title":{"rendered":"Sedimentolog\u00eda e Hidrolog\u00eda"},"content":{"rendered":"<p>El Laboratorio de Sedimentolog\u00eda e Hidrolog\u00eda (LaSH) cuenta con la infraestructura necesaria para realizar an\u00e1lisis texturales y granulom\u00e9tricos en muestras de sedimento, como as\u00ed tambi\u00e9n la determinaci\u00f3n de s\u00f3lidos en suspensi\u00f3n en muestras de agua. Posee una superficie de 60 m2. Cuenta con dos lavaplatos equipados con aspersores y c\u00e1mara desgrasadora para la realizaci\u00f3n de tamizaje de sedimentos en h\u00famedo, tubo de decantaci\u00f3n tipo Emery, tamizador mec\u00e1nico y set completo de tamices. Para la determinaci\u00f3n de s\u00f3lidos en suspensi\u00f3n cuenta con una bomba de vac\u00edo y set de matraces de kitasato y portafiltros. Para la preservaci\u00f3n de muestras de sedimento y agua dispone de 5 congeladores y 2 refrigeradores. El secado e ignici\u00f3n de muestras se realiza mediante una c\u00e1mara secadora, un horno y dos muflas. El laboratorio cuenta con cuatro balanzas, dos de ellas anal\u00edticas de 0.0001 gr de precisi\u00f3n.<\/p>\n<p>Adscrito al laboratorio hay una lancha de bah\u00eda de 6.5 m de eslora la que cuenta, en proa, con un m\u00e1stil tipo A y huinche con capacidad de 100 kg aproximados. La embarcaci\u00f3n cuenta con una draga Ponar de 0.09 m<\/span><sup><span lang=\"es-ES\">2<\/span><\/sup><span lang=\"es-ES\">\u00a0de mordida, un toma testigo gravitatorio para tubos de acr\u00edlico de 2 m de longitud, un ecosonda para efectuar levantamientos batim\u00e9tricos de precisi\u00f3n, un corrent\u00f3metro digital dise\u00f1ado especialmente para ambientes estuariales (incorpora registro de conductividad, salinidad y temperatura), con el cual se realizan estudios de correntometr\u00eda euleriana y lagrangiana.<\/p>\n","protected":false},"excerpt":{"rendered":"<p>El Laboratorio de Sedimentolog\u00eda e Hidrolog\u00eda (LaSH) cuenta con la infraestructura necesaria para realizar an\u00e1lisis texturales y granulom\u00e9tricos en muestras de sedimento, como as\u00ed tambi\u00e9n la determinaci\u00f3n de s\u00f3lidos en suspensi\u00f3n en muestras de agua. Posee una superficie de 60 m2. Cuenta con dos lavaplatos equipados con aspersores y c\u00e1mara desgrasadora para la realizaci\u00f3n de [&hellip;]<\/p>\n","protected":false},"author":3,"featured_media":0,"parent":0,"menu_order":0,"comment_status":"closed","ping_status":"closed","template":"","meta":[],"jetpack_sharing_enabled":true,"jetpack_shortlink":"https:\/\/wp.me\/P7KgB1-3Z","jetpack-related-posts":[{"id":31,"url":"http:\/\/ict.uach.cl\/?page_id=31&lang=es","url_meta":{"origin":247,"position":0},"title":"Presentaci\u00f3n","date":"30 June, 2016","format":false,"excerpt":"El Instituto de Ciencias de la Tierra fue creado el 10 de mayo 2015 y se inscribe en una l\u00ednea de tradici\u00f3n de las Geociencias en la Universidad Austral de Chile. Esta tradici\u00f3n comienza al inicio de esta universidad con el Instituto de Geolog\u00eda y Geograf\u00eda, fundado en 1957, y\u2026","rel":"","context":"Similar post","img":{"alt_text":"","src":"","width":0,"height":0},"classes":[]}],"_links":{"self":[{"href":"http:\/\/ict.uach.cl\/index.php?rest_route=\/wp\/v2\/pages\/247"}],"collection":[{"href":"http:\/\/ict.uach.cl\/index.php?rest_route=\/wp\/v2\/pages"}],"about":[{"href":"http:\/\/ict.uach.cl\/index.php?rest_route=\/wp\/v2\/types\/page"}],"author":[{"embeddable":true,"href":"http:\/\/ict.uach.cl\/index.php?rest_route=\/wp\/v2\/users\/3"}],"replies":[{"embeddable":true,"href":"http:\/\/ict.uach.cl\/index.php?rest_route=%2Fwp%2Fv2%2Fcomments&post=247"}],"version-history":[{"count":10,"href":"http:\/\/ict.uach.cl\/index.php?rest_route=\/wp\/v2\/pages\/247\/revisions"}],"predecessor-version":[{"id":1074,"href":"http:\/\/ict.uach.cl\/index.php?rest_route=\/wp\/v2\/pages\/247\/revisions\/1074"}],"wp:attachment":[{"href":"http:\/\/ict.uach.cl\/index.php?rest_route=%2Fwp%2Fv2%2Fmedia&parent=247"}],"curies":[{"name":"wp","href":"https:\/\/api.w.org\/{rel}","templated":true}]}}