{"id":31,"date":"2016-06-30T21:51:04","date_gmt":"2016-06-30T21:51:04","guid":{"rendered":"http:\/\/146.83.216.167\/?page_id=31"},"modified":"2025-05-15T20:37:52","modified_gmt":"2025-05-15T20:37:52","slug":"presentacion","status":"publish","type":"page","link":"http:\/\/ict.uach.cl\/?page_id=31&lang=es","title":{"rendered":"Presentaci\u00f3n"},"content":{"rendered":"<p>El Instituto de Ciencias de la Tierra fue creado el 10 de mayo 2015 y se inscribe en una l\u00ednea de tradici\u00f3n de las Geociencias en la Universidad Austral de Chile. Esta tradici\u00f3n comienza al inicio de esta universidad con el Instituto de Geolog\u00eda y Geograf\u00eda, fundado en 1957, y sigue despu\u00e9s de una reestructuraci\u00f3n en 1981 como Instituto de Geociencias hasta el 2011, antes de ser integrado al Instituto de Ciencias Ambientales y Evolutivas. El nuevo Instituto viene a cubrir el desarrollo importante y exitoso de este \u00e1rea dentro de la UACh.<\/p>\n<p>Las grandes l\u00edneas de investigaci\u00f3n y focos de atenci\u00f3n del Instituto de Ciencias de la Tierra, est\u00e1n puestos en el estudio de grandes perturbaciones naturales como terremotos, tsunamis, erupciones volc\u00e1nicas, inundaciones y derrumbes (incluyendo los efectos de las mismas sobre el medio ambiente terrestre y acu\u00e1tico aleda\u00f1o), en la investigaci\u00f3n paleontol\u00f3gica y geoarqueol\u00f3gica como lo son las investigaciones en los sitios Monte Verde (Puerto Montt) y Pilauco (Osorno), en el ordenamiento territorial y otras tem\u00e1ticas.<\/p>\n<p>El ICT se vincula de manera directa en las carreras de Geograf\u00eda y de Geolog\u00eda, pero adem\u00e1s es parte fundamental de tres programas de postgrado, el Mag\u00edster en Recursos H\u00eddricos, el Mag\u00edster en Paleontolog\u00eda y el Doctorado en Ciencias del Sistema Tierra.<\/p>\n<p>El ICT realiza actividades de extensi\u00f3n para la comunidad, incluyendo charlas publicas, charlas y talleres para estudiantes de establecimientos educacionales, participaci\u00f3n en actividades del programa EXPLORA, actividades de difusi\u00f3n de las carreras de Geograf\u00eda y de Geolog\u00eda, mesas redondas, visitas guiadas, exposiciones, etc. Tambi\u00e9n ofrece servicios orientados hacia \u00e1reas sensibles para el desarrollo socio-econ\u00f3mico de Chile.<\/p>\n<p><a href=\"http:\/\/ict.uach.cl\/wp-content\/uploads\/2023\/01\/Plan-de-Desarrollo-ICT-2021-2024.pdf\">Plan de Desarrollo 2021-2024<\/a> &#8211;\u00a0<a href=\"http:\/\/ict.uach.cl\/wp-content\/uploads\/2023\/01\/Plan-de-Desarrollo-ICT-2021-2024_Anexos.zip\">Anexos<\/a><\/p>\n","protected":false},"excerpt":{"rendered":"<p>El Instituto de Ciencias de la Tierra fue creado el 10 de mayo 2015 y se inscribe en una l\u00ednea de tradici\u00f3n de las Geociencias en la Universidad Austral de Chile. Esta tradici\u00f3n comienza al inicio de esta universidad con el Instituto de Geolog\u00eda y Geograf\u00eda, fundado en 1957, y sigue despu\u00e9s de una reestructuraci\u00f3n [&hellip;]<\/p>\n","protected":false},"author":3,"featured_media":0,"parent":0,"menu_order":0,"comment_status":"closed","ping_status":"closed","template":"","meta":[],"jetpack_sharing_enabled":true,"jetpack_shortlink":"https:\/\/wp.me\/P7KgB1-v","jetpack-related-posts":[],"_links":{"self":[{"href":"http:\/\/ict.uach.cl\/index.php?rest_route=\/wp\/v2\/pages\/31"}],"collection":[{"href":"http:\/\/ict.uach.cl\/index.php?rest_route=\/wp\/v2\/pages"}],"about":[{"href":"http:\/\/ict.uach.cl\/index.php?rest_route=\/wp\/v2\/types\/page"}],"author":[{"embeddable":true,"href":"http:\/\/ict.uach.cl\/index.php?rest_route=\/wp\/v2\/users\/3"}],"replies":[{"embeddable":true,"href":"http:\/\/ict.uach.cl\/index.php?rest_route=%2Fwp%2Fv2%2Fcomments&post=31"}],"version-history":[{"count":7,"href":"http:\/\/ict.uach.cl\/index.php?rest_route=\/wp\/v2\/pages\/31\/revisions"}],"predecessor-version":[{"id":2092,"href":"http:\/\/ict.uach.cl\/index.php?rest_route=\/wp\/v2\/pages\/31\/revisions\/2092"}],"wp:attachment":[{"href":"http:\/\/ict.uach.cl\/index.php?rest_route=%2Fwp%2Fv2%2Fmedia&parent=31"}],"curies":[{"name":"wp","href":"https:\/\/api.w.org\/{rel}","templated":true}]}}