{"id":33,"date":"2016-06-30T21:51:54","date_gmt":"2016-06-30T21:51:54","guid":{"rendered":"http:\/\/146.83.216.167\/?page_id=33"},"modified":"2018-05-18T01:58:13","modified_gmt":"2018-05-18T01:58:13","slug":"investigacion","status":"publish","type":"page","link":"http:\/\/ict.uach.cl\/?page_id=33&lang=es","title":{"rendered":"Investigaci\u00f3n"},"content":{"rendered":"<p>Los proyectos de investigaci\u00f3n llevados a cabo en el ICT se agrupan en tres principales \u00e1reas tem\u00e1ticas, las que muchas veces se mezclan entre si en proyectos inter- y transdisciplinarios.<br \/>\n<img data-attachment-id=\"1034\" data-permalink=\"http:\/\/ict.uach.cl\/?attachment_id=1034\" data-orig-file=\"https:\/\/i0.wp.com\/ict.uach.cl\/wp-content\/uploads\/2018\/05\/investig.png?fit=1784%2C850\" data-orig-size=\"1784,850\" data-comments-opened=\"0\" data-image-meta=\"{&quot;aperture&quot;:&quot;0&quot;,&quot;credit&quot;:&quot;&quot;,&quot;camera&quot;:&quot;&quot;,&quot;caption&quot;:&quot;&quot;,&quot;created_timestamp&quot;:&quot;0&quot;,&quot;copyright&quot;:&quot;&quot;,&quot;focal_length&quot;:&quot;0&quot;,&quot;iso&quot;:&quot;0&quot;,&quot;shutter_speed&quot;:&quot;0&quot;,&quot;title&quot;:&quot;&quot;,&quot;orientation&quot;:&quot;0&quot;}\" data-image-title=\"investig\" data-image-description=\"\" data-image-caption=\"\" data-medium-file=\"https:\/\/i0.wp.com\/ict.uach.cl\/wp-content\/uploads\/2018\/05\/investig.png?fit=300%2C143\" data-large-file=\"https:\/\/i0.wp.com\/ict.uach.cl\/wp-content\/uploads\/2018\/05\/investig.png?fit=1024%2C488\" decoding=\"async\" loading=\"lazy\" class=\"alignnone wp-image-1034\" src=\"https:\/\/i0.wp.com\/ict.uach.cl\/wp-content\/uploads\/2018\/05\/investig.png?resize=717%2C342\" alt=\"investig\" width=\"717\" height=\"342\" srcset=\"https:\/\/i0.wp.com\/ict.uach.cl\/wp-content\/uploads\/2018\/05\/investig.png?resize=300%2C143 300w, https:\/\/i0.wp.com\/ict.uach.cl\/wp-content\/uploads\/2018\/05\/investig.png?resize=768%2C366 768w, https:\/\/i0.wp.com\/ict.uach.cl\/wp-content\/uploads\/2018\/05\/investig.png?resize=1024%2C488 1024w, https:\/\/i0.wp.com\/ict.uach.cl\/wp-content\/uploads\/2018\/05\/investig.png?w=1784 1784w\" sizes=\"(max-width: 717px) 100vw, 717px\" data-recalc-dims=\"1\" \/><\/p>\n","protected":false},"excerpt":{"rendered":"<p>Los proyectos de investigaci\u00f3n llevados a cabo en el ICT se agrupan en tres principales \u00e1reas tem\u00e1ticas, las que muchas veces se mezclan entre si en proyectos inter- y transdisciplinarios.<\/p>\n","protected":false},"author":3,"featured_media":0,"parent":0,"menu_order":0,"comment_status":"closed","ping_status":"closed","template":"","meta":[],"jetpack_sharing_enabled":true,"jetpack_shortlink":"https:\/\/wp.me\/P7KgB1-x","jetpack-related-posts":[{"id":31,"url":"http:\/\/ict.uach.cl\/?page_id=31&lang=es","url_meta":{"origin":33,"position":0},"title":"Presentaci\u00f3n","date":"30 June, 2016","format":false,"excerpt":"El Instituto de Ciencias de la Tierra fue creado el 10 de mayo 2015 y se inscribe en una l\u00ednea de tradici\u00f3n de las Geociencias en la Universidad Austral de Chile. Esta tradici\u00f3n comienza al inicio de esta universidad con el Instituto de Geolog\u00eda y Geograf\u00eda, fundado en 1957, y\u2026","rel":"","context":"Similar post","img":{"alt_text":"","src":"","width":0,"height":0},"classes":[]}],"_links":{"self":[{"href":"http:\/\/ict.uach.cl\/index.php?rest_route=\/wp\/v2\/pages\/33"}],"collection":[{"href":"http:\/\/ict.uach.cl\/index.php?rest_route=\/wp\/v2\/pages"}],"about":[{"href":"http:\/\/ict.uach.cl\/index.php?rest_route=\/wp\/v2\/types\/page"}],"author":[{"embeddable":true,"href":"http:\/\/ict.uach.cl\/index.php?rest_route=\/wp\/v2\/users\/3"}],"replies":[{"embeddable":true,"href":"http:\/\/ict.uach.cl\/index.php?rest_route=%2Fwp%2Fv2%2Fcomments&post=33"}],"version-history":[{"count":21,"href":"http:\/\/ict.uach.cl\/index.php?rest_route=\/wp\/v2\/pages\/33\/revisions"}],"predecessor-version":[{"id":1101,"href":"http:\/\/ict.uach.cl\/index.php?rest_route=\/wp\/v2\/pages\/33\/revisions\/1101"}],"wp:attachment":[{"href":"http:\/\/ict.uach.cl\/index.php?rest_route=%2Fwp%2Fv2%2Fmedia&parent=33"}],"curies":[{"name":"wp","href":"https:\/\/api.w.org\/{rel}","templated":true}]}}