{"id":41,"date":"2016-06-30T21:55:16","date_gmt":"2016-06-30T21:55:16","guid":{"rendered":"http:\/\/146.83.216.167\/?page_id=41"},"modified":"2020-07-19T20:49:00","modified_gmt":"2020-07-19T20:49:00","slug":"vinculacion","status":"publish","type":"page","link":"http:\/\/ict.uach.cl\/?page_id=41&lang=es","title":{"rendered":"Vinculaci\u00f3n"},"content":{"rendered":"<p>Los acad\u00e9micos del ICT realizan diversas actividades de vinculaci\u00f3n con el medio, con el objetivo de contribuir al progreso cultural y material de la sociedad, as\u00ed como al desarrollo sustentable de la regi\u00f3n y del pa\u00eds, parte fundamental de la misi\u00f3n de la Universidad.<\/p>\n<p>Entre las principales iniciativas de vinculaci\u00f3n, destaca la organizaci\u00f3n y participaci\u00f3n en proyectos de extensi\u00f3n destinados a la comunidad escolar y al p\u00fablico general tales como proyectos de Extensi\u00f3n UACh, proyectos del Programa Explora (Terremotos y Volcanes en mi Liceo, La Espiral del Tiempo), Laboratorios Abiertos, exposiciones cient\u00edficas (<a href=\"http:\/\/www.geocristales.cl\">Geocristales<\/a> y <a href=\"http:\/\/sitiosciencias.uach.cl\/las-bestias-de-la-era-del-hielo-en-el-edificio-pugin\/\">Bestias de la Era del Hielo<\/a>), escuelas de verano y invierno para ni\u00f1os y adolescentes (<a href=\"https:\/\/diario.uach.cl\/se-realizar-nueva-versin-del-exitoso-taller-paleokids\/\">Paleokids<\/a>, <a href=\"http:\/\/sitiosciencias.uach.cl\/realizan-positiva-evaluacion-de-taller-minigeologos-desarrollado-en-la-uach\/\">Minige\u00f3logos<\/a>), charlas (Mil Cient\u00edficos-Mil Aulas, <a href=\"https:\/\/sitiosciencias.uach.cl\/4-charlas-y-un-taller-seran-las-actividades-durante-el-asteroid-day-valdivia-2018\/\">Asteroid Day<\/a>, etc.).<\/p>\n<p>El ICT tambi\u00e9n est\u00e1 apoyando al establecimiento del primer <a href=\"http:\/\/sitiosciencias.uach.cl\/investigador-uach-busca-que-geoparque-kutralkura-sea-reconocido-por-la-unesco\/\">Geoparque Mundial UNESCO<\/a> en Chile. Asegura la mantenci\u00f3n de un herbario utilizado para entregar informaci\u00f3n sobre la biodiversidad vegetal, respondiendo a variadas consultas provenientes del mundo entero, entre muchas otras. Adicionalmente, varios de los acad\u00e9micos del ICT realizan trabajos de consultor\u00eda a instituciones externas, incluyendo servicios especializados a municipalidades, servicios p\u00fablicos, otras universidades del CRUCH y empresas.<\/p>\n","protected":false},"excerpt":{"rendered":"<p>Los acad\u00e9micos del ICT realizan diversas actividades de vinculaci\u00f3n con el medio, con el objetivo de contribuir al progreso cultural y material de la sociedad, as\u00ed como al desarrollo sustentable de la regi\u00f3n y del pa\u00eds, parte fundamental de la misi\u00f3n de la Universidad. Entre las principales iniciativas de vinculaci\u00f3n, destaca la organizaci\u00f3n y participaci\u00f3n [&hellip;]<\/p>\n","protected":false},"author":3,"featured_media":0,"parent":0,"menu_order":0,"comment_status":"closed","ping_status":"closed","template":"","meta":[],"jetpack_sharing_enabled":true,"jetpack_shortlink":"https:\/\/wp.me\/P7KgB1-F","jetpack-related-posts":[{"id":31,"url":"http:\/\/ict.uach.cl\/?page_id=31&lang=es","url_meta":{"origin":41,"position":0},"title":"Presentaci\u00f3n","date":"30 June, 2016","format":false,"excerpt":"El Instituto de Ciencias de la Tierra fue creado el 10 de mayo 2015 y se inscribe en una l\u00ednea de tradici\u00f3n de las Geociencias en la Universidad Austral de Chile. Esta tradici\u00f3n comienza al inicio de esta universidad con el Instituto de Geolog\u00eda y Geograf\u00eda, fundado en 1957, y\u2026","rel":"","context":"Similar post","img":{"alt_text":"","src":"","width":0,"height":0},"classes":[]},{"id":36,"url":"http:\/\/ict.uach.cl\/?page_id=36&lang=es","url_meta":{"origin":41,"position":1},"title":"Personal","date":"30 June, 2016","format":false,"excerpt":"Planta acad\u00e9mica Planta t\u00e9cnico-acad\u00e9mica, planta adjunta y profesionales Profesores emeritos Funcionarios no acad\u00e9micos","rel":"","context":"Similar post","img":{"alt_text":"","src":"","width":0,"height":0},"classes":[]}],"_links":{"self":[{"href":"http:\/\/ict.uach.cl\/index.php?rest_route=\/wp\/v2\/pages\/41"}],"collection":[{"href":"http:\/\/ict.uach.cl\/index.php?rest_route=\/wp\/v2\/pages"}],"about":[{"href":"http:\/\/ict.uach.cl\/index.php?rest_route=\/wp\/v2\/types\/page"}],"author":[{"embeddable":true,"href":"http:\/\/ict.uach.cl\/index.php?rest_route=\/wp\/v2\/users\/3"}],"replies":[{"embeddable":true,"href":"http:\/\/ict.uach.cl\/index.php?rest_route=%2Fwp%2Fv2%2Fcomments&post=41"}],"version-history":[{"count":11,"href":"http:\/\/ict.uach.cl\/index.php?rest_route=\/wp\/v2\/pages\/41\/revisions"}],"predecessor-version":[{"id":1443,"href":"http:\/\/ict.uach.cl\/index.php?rest_route=\/wp\/v2\/pages\/41\/revisions\/1443"}],"wp:attachment":[{"href":"http:\/\/ict.uach.cl\/index.php?rest_route=%2Fwp%2Fv2%2Fmedia&parent=41"}],"curies":[{"name":"wp","href":"https:\/\/api.w.org\/{rel}","templated":true}]}}