{"id":43,"date":"2016-06-30T21:55:31","date_gmt":"2016-06-30T21:55:31","guid":{"rendered":"http:\/\/146.83.216.167\/?page_id=43"},"modified":"2018-05-25T01:50:20","modified_gmt":"2018-05-25T01:50:20","slug":"servicios","status":"publish","type":"page","link":"http:\/\/ict.uach.cl\/?page_id=43&lang=es","title":{"rendered":"Servicios"},"content":{"rendered":"<p>El Instituto de Ciencias de la Tierra cuenta con expertos y laboratorios que lo permiten ofrecer servicios en m\u00faltiples \u00e1mbitos tanto a la comunidad universitaria, organismos gubernamentales, empresas y particulares.<\/p>\n<p>Podemos realizar los siguientes estudios:<br \/>\n&#8211; An\u00e1lisis qu\u00edmicos ICP-MS de elementos traza en muestras s\u00f3lidas y l\u00edquidas (<a href=\"http:\/\/ict.uach.cl\/?page_id=245\">Lab. Geoqu\u00edmica<\/a>)<br \/>\n&#8211; An\u00e1lisis sedimentol\u00f3gicos (<a href=\"http:\/\/ict.uach.cl\/?page_id=92\">Dr. Pino<\/a>)<br \/>\n&#8211; Desarrollo geotur\u00edstico y geopatrimonio (<a href=\"http:\/\/ict.uach.cl\/?page_id=208\">Dr. Manuel Schilling<\/a>)<br \/>\n&#8211; L\u00ednea de base sobre patrimonio paleontol\u00f3gico (<a href=\"http:\/\/ict.uach.cl\/?page_id=113\">Dra. Moreno<\/a>)<br \/>\n&#8211; L\u00ednea de base ambiental: caracterizaci\u00f3n geol\u00f3gica-geomorfol\u00f3gica y riesgos asociados (<a href=\"http:\/\/ict.uach.cl\/?page_id=660\">Dr. Melnick<\/a>).  <\/p>\n","protected":false},"excerpt":{"rendered":"<p>El Instituto de Ciencias de la Tierra cuenta con expertos y laboratorios que lo permiten ofrecer servicios en m\u00faltiples \u00e1mbitos tanto a la comunidad universitaria, organismos gubernamentales, empresas y particulares. Podemos realizar los siguientes estudios: &#8211; An\u00e1lisis qu\u00edmicos ICP-MS de elementos traza en muestras s\u00f3lidas y l\u00edquidas (Lab. Geoqu\u00edmica) &#8211; An\u00e1lisis sedimentol\u00f3gicos (Dr. Pino) &#8211; [&hellip;]<\/p>\n","protected":false},"author":3,"featured_media":0,"parent":0,"menu_order":0,"comment_status":"closed","ping_status":"closed","template":"","meta":[],"jetpack_sharing_enabled":true,"jetpack_shortlink":"https:\/\/wp.me\/P7KgB1-H","jetpack-related-posts":[{"id":31,"url":"http:\/\/ict.uach.cl\/?page_id=31&lang=es","url_meta":{"origin":43,"position":0},"title":"Presentaci\u00f3n","date":"30 June, 2016","format":false,"excerpt":"El Instituto de Ciencias de la Tierra fue creado el 10 de mayo 2015 y se inscribe en una l\u00ednea de tradici\u00f3n de las Geociencias en la Universidad Austral de Chile. Esta tradici\u00f3n comienza al inicio de esta universidad con el Instituto de Geolog\u00eda y Geograf\u00eda, fundado en 1957, y\u2026","rel":"","context":"Similar post","img":{"alt_text":"","src":"","width":0,"height":0},"classes":[]},{"id":36,"url":"http:\/\/ict.uach.cl\/?page_id=36&lang=es","url_meta":{"origin":43,"position":1},"title":"Personal","date":"30 June, 2016","format":false,"excerpt":"Planta acad\u00e9mica Planta t\u00e9cnico-acad\u00e9mica, planta adjunta y profesionales Profesores emeritos Funcionarios no acad\u00e9micos","rel":"","context":"Similar post","img":{"alt_text":"","src":"","width":0,"height":0},"classes":[]}],"_links":{"self":[{"href":"http:\/\/ict.uach.cl\/index.php?rest_route=\/wp\/v2\/pages\/43"}],"collection":[{"href":"http:\/\/ict.uach.cl\/index.php?rest_route=\/wp\/v2\/pages"}],"about":[{"href":"http:\/\/ict.uach.cl\/index.php?rest_route=\/wp\/v2\/types\/page"}],"author":[{"embeddable":true,"href":"http:\/\/ict.uach.cl\/index.php?rest_route=\/wp\/v2\/users\/3"}],"replies":[{"embeddable":true,"href":"http:\/\/ict.uach.cl\/index.php?rest_route=%2Fwp%2Fv2%2Fcomments&post=43"}],"version-history":[{"count":18,"href":"http:\/\/ict.uach.cl\/index.php?rest_route=\/wp\/v2\/pages\/43\/revisions"}],"predecessor-version":[{"id":1196,"href":"http:\/\/ict.uach.cl\/index.php?rest_route=\/wp\/v2\/pages\/43\/revisions\/1196"}],"wp:attachment":[{"href":"http:\/\/ict.uach.cl\/index.php?rest_route=%2Fwp%2Fv2%2Fmedia&parent=43"}],"curies":[{"name":"wp","href":"https:\/\/api.w.org\/{rel}","templated":true}]}}