{"id":537,"date":"2017-03-01T02:08:09","date_gmt":"2017-03-01T02:08:09","guid":{"rendered":"http:\/\/ict.uach.cl\/?page_id=537"},"modified":"2017-03-01T18:20:44","modified_gmt":"2017-03-01T18:20:44","slug":"mision-y-vision","status":"publish","type":"page","link":"http:\/\/ict.uach.cl\/?page_id=537&lang=es","title":{"rendered":"Visi\u00f3n y Misi\u00f3n"},"content":{"rendered":"<h2>Visi\u00f3n<\/h2>\n<p>Ser un referente en el \u00e1rea de las Ciencias de la Tierra, reconocido a nivel nacional e internacional por su contribuci\u00f3n significativa al desarrollo sustentable del pa\u00eds, a trav\u00e9s de la generaci\u00f3n de conocimientos, la formaci\u00f3n de recursos humanos, la prestaci\u00f3n de servicios y la divulgaci\u00f3n de las Ciencias de la Tierra, desempe\u00f1\u00e1ndose con excelencia en cada una de estas \u00e1reas.<\/p>\n<h2>Misi\u00f3n<\/h2>\n<p>Somos una unidad acad\u00e9mica dedicada a la investigaci\u00f3n, docencia, extensi\u00f3n y asesor\u00eda en el \u00e1rea de las Ciencias de la Tierra. En un marco de \u00e9tica profesional y de colaboraci\u00f3n, generamos conocimiento cient\u00edfico y formamos profesionales y graduados altamente calificados. En base a nuestros conocimientos y experiencias, nos vinculamos con la comunidad para participar activamente en el desarrollo sustentable de Chile, especialmente de la zona sur &#8211; austral del pa\u00eds.<\/p>\n","protected":false},"excerpt":{"rendered":"<p>Visi\u00f3n Ser un referente en el \u00e1rea de las Ciencias de la Tierra, reconocido a nivel nacional e internacional por su contribuci\u00f3n significativa al desarrollo sustentable del pa\u00eds, a trav\u00e9s de la generaci\u00f3n de conocimientos, la formaci\u00f3n de recursos humanos, la prestaci\u00f3n de servicios y la divulgaci\u00f3n de las Ciencias de la Tierra, desempe\u00f1\u00e1ndose con [&hellip;]<\/p>\n","protected":false},"author":3,"featured_media":0,"parent":0,"menu_order":0,"comment_status":"closed","ping_status":"closed","template":"","meta":[],"jetpack_sharing_enabled":true,"jetpack_shortlink":"https:\/\/wp.me\/P7KgB1-8F","jetpack-related-posts":[{"id":31,"url":"http:\/\/ict.uach.cl\/?page_id=31&lang=es","url_meta":{"origin":537,"position":0},"title":"Presentaci\u00f3n","date":"30 June, 2016","format":false,"excerpt":"El Instituto de Ciencias de la Tierra fue creado el 10 de mayo 2015 y se inscribe en una l\u00ednea de tradici\u00f3n de las Geociencias en la Universidad Austral de Chile. Esta tradici\u00f3n comienza al inicio de esta universidad con el Instituto de Geolog\u00eda y Geograf\u00eda, fundado en 1957, y\u2026","rel":"","context":"Similar post","img":{"alt_text":"","src":"","width":0,"height":0},"classes":[]}],"_links":{"self":[{"href":"http:\/\/ict.uach.cl\/index.php?rest_route=\/wp\/v2\/pages\/537"}],"collection":[{"href":"http:\/\/ict.uach.cl\/index.php?rest_route=\/wp\/v2\/pages"}],"about":[{"href":"http:\/\/ict.uach.cl\/index.php?rest_route=\/wp\/v2\/types\/page"}],"author":[{"embeddable":true,"href":"http:\/\/ict.uach.cl\/index.php?rest_route=\/wp\/v2\/users\/3"}],"replies":[{"embeddable":true,"href":"http:\/\/ict.uach.cl\/index.php?rest_route=%2Fwp%2Fv2%2Fcomments&post=537"}],"version-history":[{"count":2,"href":"http:\/\/ict.uach.cl\/index.php?rest_route=\/wp\/v2\/pages\/537\/revisions"}],"predecessor-version":[{"id":555,"href":"http:\/\/ict.uach.cl\/index.php?rest_route=\/wp\/v2\/pages\/537\/revisions\/555"}],"wp:attachment":[{"href":"http:\/\/ict.uach.cl\/index.php?rest_route=%2Fwp%2Fv2%2Fmedia&parent=537"}],"curies":[{"name":"wp","href":"https:\/\/api.w.org\/{rel}","templated":true}]}}