{"id":59,"date":"2016-07-12T01:05:32","date_gmt":"2016-07-12T01:05:32","guid":{"rendered":"http:\/\/146.83.216.167\/?page_id=59"},"modified":"2022-12-20T17:42:18","modified_gmt":"2022-12-20T17:42:18","slug":"gaelle-plissart","status":"publish","type":"page","link":"http:\/\/ict.uach.cl\/?page_id=59&lang=es","title":{"rendered":"Ga\u00eblle Plissart"},"content":{"rendered":"<p><img decoding=\"async\" loading=\"lazy\" class=\"alignright wp-image-136\" src=\"https:\/\/i0.wp.com\/ict.uach.cl\/wp-content\/uploads\/2016\/07\/gplissart.jpg?resize=120%2C120\" alt=\"Ga\u00eblle Plissart\" width=\"120\" height=\"120\" data-recalc-dims=\"1\" \/><\/p>\n<h2>Contacto<\/h2>\n<ul>\n<li>Mail : gaelle.plissart@uach.cl<\/li>\n<li>Tel\u00e9fono : +56 63 2212431<\/li>\n<li>Oficina : 349<\/li>\n<li>Web : <a href=\"https:\/\/scholar.google.com\/citations?user=-L2LtX0AAAAJ&amp;hl=en&amp;oi=ao\" target=\"_blank\">google scholar<\/a><\/li>\n<\/ul>\n\n\n\n\n\n\n\n\n\n","protected":false},"excerpt":{"rendered":"<p>Contacto Mail : gaelle.plissart@uach.cl Tel\u00e9fono : +56 63 2212431 Oficina : 349 Web : google scholar<\/p>\n","protected":false},"author":4,"featured_media":0,"parent":0,"menu_order":0,"comment_status":"closed","ping_status":"closed","template":"","meta":[],"jetpack_sharing_enabled":true,"jetpack_shortlink":"https:\/\/wp.me\/P7KgB1-X","jetpack-related-posts":[{"id":31,"url":"http:\/\/ict.uach.cl\/?page_id=31&lang=es","url_meta":{"origin":59,"position":0},"title":"Presentaci\u00f3n","date":"30 June, 2016","format":false,"excerpt":"El Instituto de Ciencias de la Tierra fue creado el 10 de mayo 2015 y se inscribe en una l\u00ednea de tradici\u00f3n de las Geociencias en la Universidad Austral de Chile. Esta tradici\u00f3n comienza al inicio de esta universidad con el Instituto de Geolog\u00eda y Geograf\u00eda, fundado en 1957, y\u2026","rel":"","context":"Similar post","img":{"alt_text":"","src":"","width":0,"height":0},"classes":[]}],"_links":{"self":[{"href":"http:\/\/ict.uach.cl\/index.php?rest_route=\/wp\/v2\/pages\/59"}],"collection":[{"href":"http:\/\/ict.uach.cl\/index.php?rest_route=\/wp\/v2\/pages"}],"about":[{"href":"http:\/\/ict.uach.cl\/index.php?rest_route=\/wp\/v2\/types\/page"}],"author":[{"embeddable":true,"href":"http:\/\/ict.uach.cl\/index.php?rest_route=\/wp\/v2\/users\/4"}],"replies":[{"embeddable":true,"href":"http:\/\/ict.uach.cl\/index.php?rest_route=%2Fwp%2Fv2%2Fcomments&post=59"}],"version-history":[{"count":51,"href":"http:\/\/ict.uach.cl\/index.php?rest_route=\/wp\/v2\/pages\/59\/revisions"}],"predecessor-version":[{"id":1637,"href":"http:\/\/ict.uach.cl\/index.php?rest_route=\/wp\/v2\/pages\/59\/revisions\/1637"}],"wp:attachment":[{"href":"http:\/\/ict.uach.cl\/index.php?rest_route=%2Fwp%2Fv2%2Fmedia&parent=59"}],"curies":[{"name":"wp","href":"https:\/\/api.w.org\/{rel}","templated":true}]}}