{"id":750,"date":"2018-05-11T14:15:23","date_gmt":"2018-05-11T14:15:23","guid":{"rendered":"http:\/\/ict.uach.cl\/?page_id=750"},"modified":"2025-10-20T20:41:41","modified_gmt":"2025-10-20T20:41:41","slug":"intranet-ict","status":"publish","type":"page","link":"http:\/\/ict.uach.cl\/?page_id=750&lang=es","title":{"rendered":"Intranet"},"content":{"rendered":"","protected":true},"excerpt":{"rendered":"","protected":true},"author":3,"featured_media":0,"parent":0,"menu_order":0,"comment_status":"closed","ping_status":"closed","template":"","meta":[],"jetpack_sharing_enabled":true,"jetpack_shortlink":"https:\/\/wp.me\/P7KgB1-c6","jetpack-related-posts":[{"id":36,"url":"http:\/\/ict.uach.cl\/?page_id=36&lang=es","url_meta":{"origin":750,"position":0},"title":"Personal","date":"30 June, 2016","format":false,"excerpt":"Planta acad\u00e9mica Planta t\u00e9cnico-acad\u00e9mica, planta adjunta y profesionales Profesores emeritos Funcionarios no acad\u00e9micos","rel":"","context":"Similar post","img":{"alt_text":"","src":"","width":0,"height":0},"classes":[]},{"id":31,"url":"http:\/\/ict.uach.cl\/?page_id=31&lang=es","url_meta":{"origin":750,"position":1},"title":"Presentaci\u00f3n","date":"30 June, 2016","format":false,"excerpt":"El Instituto de Ciencias de la Tierra fue creado el 10 de mayo 2015 y se inscribe en una l\u00ednea de tradici\u00f3n de las Geociencias en la Universidad Austral de Chile. Esta tradici\u00f3n comienza al inicio de esta universidad con el Instituto de Geolog\u00eda y Geograf\u00eda, fundado en 1957, y\u2026","rel":"","context":"Similar post","img":{"alt_text":"","src":"","width":0,"height":0},"classes":[]}],"_links":{"self":[{"href":"http:\/\/ict.uach.cl\/index.php?rest_route=\/wp\/v2\/pages\/750"}],"collection":[{"href":"http:\/\/ict.uach.cl\/index.php?rest_route=\/wp\/v2\/pages"}],"about":[{"href":"http:\/\/ict.uach.cl\/index.php?rest_route=\/wp\/v2\/types\/page"}],"author":[{"embeddable":true,"href":"http:\/\/ict.uach.cl\/index.php?rest_route=\/wp\/v2\/users\/3"}],"replies":[{"embeddable":true,"href":"http:\/\/ict.uach.cl\/index.php?rest_route=%2Fwp%2Fv2%2Fcomments&post=750"}],"version-history":[{"count":66,"href":"http:\/\/ict.uach.cl\/index.php?rest_route=\/wp\/v2\/pages\/750\/revisions"}],"predecessor-version":[{"id":2096,"href":"http:\/\/ict.uach.cl\/index.php?rest_route=\/wp\/v2\/pages\/750\/revisions\/2096"}],"wp:attachment":[{"href":"http:\/\/ict.uach.cl\/index.php?rest_route=%2Fwp%2Fv2%2Fmedia&parent=750"}],"curies":[{"name":"wp","href":"https:\/\/api.w.org\/{rel}","templated":true}]}}