{"id":88,"date":"2016-07-12T02:07:28","date_gmt":"2016-07-12T02:07:28","guid":{"rendered":"http:\/\/146.83.216.167\/?page_id=88"},"modified":"2024-10-22T15:12:25","modified_gmt":"2024-10-22T15:12:25","slug":"sven-nielsen-2","status":"publish","type":"page","link":"http:\/\/ict.uach.cl\/?page_id=88&lang=es","title":{"rendered":"Sven Nielsen"},"content":{"rendered":"<p><img decoding=\"async\" loading=\"lazy\" class=\"alignright wp-image-136\" src=\"https:\/\/i0.wp.com\/ict.uach.cl\/wp-content\/uploads\/2022\/11\/SNN_Small.jpg?resize=120%2C120\" alt=\"Sven Nielsen\" width=\"120\" height=\"120\" data-recalc-dims=\"1\" \/><\/p>\n<h2>Contacto<\/h2>\n<ul>\n<li>Mail : <a href=\"http:\/\/matthieuvernier.com\/sites\/ict-uach\/wp-content\/uploads\/2015\/08\/mail-SN.jpg\" target=\"_blank\" rel=\"noopener\">sven.nielsen@uach.cl<\/a><\/li>\n<li>Tel\u00e9fono : +56 63 2221449<\/li>\n<li>Oficina : 327<\/li>\n<li>Web : <a href=\"https:\/\/scholar.google.cl\/citations?hl=en&amp;user=JO_ltQoAAAAJ\" target=\"_blank\" rel=\"noopener\">google scholar<\/a><\/li>\n<\/ul>\n\n<\/li>\n<\/ul>\n\n\n\n\n\n\n\n","protected":false},"excerpt":{"rendered":"<p>Contacto Mail : sven.nielsen@uach.cl Tel\u00e9fono : +56 63 2221449 Oficina : 327 Web : google scholar<\/p>\n","protected":false},"author":4,"featured_media":0,"parent":0,"menu_order":0,"comment_status":"closed","ping_status":"closed","template":"","meta":[],"jetpack_sharing_enabled":true,"jetpack_shortlink":"https:\/\/wp.me\/P7KgB1-1q","jetpack-related-posts":[{"id":31,"url":"http:\/\/ict.uach.cl\/?page_id=31&lang=es","url_meta":{"origin":88,"position":0},"title":"Presentaci\u00f3n","date":"30 June, 2016","format":false,"excerpt":"El Instituto de Ciencias de la Tierra fue creado el 10 de mayo 2015 y se inscribe en una l\u00ednea de tradici\u00f3n de las Geociencias en la Universidad Austral de Chile. Esta tradici\u00f3n comienza al inicio de esta universidad con el Instituto de Geolog\u00eda y Geograf\u00eda, fundado en 1957, y\u2026","rel":"","context":"Similar post","img":{"alt_text":"","src":"","width":0,"height":0},"classes":[]}],"_links":{"self":[{"href":"http:\/\/ict.uach.cl\/index.php?rest_route=\/wp\/v2\/pages\/88"}],"collection":[{"href":"http:\/\/ict.uach.cl\/index.php?rest_route=\/wp\/v2\/pages"}],"about":[{"href":"http:\/\/ict.uach.cl\/index.php?rest_route=\/wp\/v2\/types\/page"}],"author":[{"embeddable":true,"href":"http:\/\/ict.uach.cl\/index.php?rest_route=\/wp\/v2\/users\/4"}],"replies":[{"embeddable":true,"href":"http:\/\/ict.uach.cl\/index.php?rest_route=%2Fwp%2Fv2%2Fcomments&post=88"}],"version-history":[{"count":25,"href":"http:\/\/ict.uach.cl\/index.php?rest_route=\/wp\/v2\/pages\/88\/revisions"}],"predecessor-version":[{"id":2040,"href":"http:\/\/ict.uach.cl\/index.php?rest_route=\/wp\/v2\/pages\/88\/revisions\/2040"}],"wp:attachment":[{"href":"http:\/\/ict.uach.cl\/index.php?rest_route=%2Fwp%2Fv2%2Fmedia&parent=88"}],"curies":[{"name":"wp","href":"https:\/\/api.w.org\/{rel}","templated":true}]}}