{"id":92,"date":"2016-07-12T02:18:35","date_gmt":"2016-07-12T02:18:35","guid":{"rendered":"http:\/\/146.83.216.167\/?page_id=92"},"modified":"2020-11-02T20:45:59","modified_gmt":"2020-11-02T20:45:59","slug":"mario-pino","status":"publish","type":"page","link":"http:\/\/ict.uach.cl\/?page_id=92&lang=es","title":{"rendered":"Mario Pino"},"content":{"rendered":"<p><img decoding=\"async\" loading=\"lazy\" class=\"alignright wp-image-136\" src=\"https:\/\/i0.wp.com\/146.83.216.167\/wp-content\/uploads\/2016\/07\/mario-pino.png?resize=120%2C120\" alt=\"Mario Pino\" width=\"120\" height=\"120\" data-recalc-dims=\"1\" \/><\/p>\n<h2>Contacto<\/h2>\n<ul>\n<li>Mail : mariopino@uach.cl<\/li>\n<li>Tel\u00e9fono : +56 63 2221587<\/li>\n<li>Oficina : 319<\/li>\n<li>Web :<\/li>\n<\/ul>\n\n\n\n\n\n\n\n\n\n","protected":false},"excerpt":{"rendered":"<p>Contacto Mail : mariopino@uach.cl Tel\u00e9fono : +56 63 2221587 Oficina : 319 Web :<\/p>\n","protected":false},"author":4,"featured_media":0,"parent":0,"menu_order":0,"comment_status":"closed","ping_status":"closed","template":"","meta":[],"jetpack_sharing_enabled":true,"jetpack_shortlink":"https:\/\/wp.me\/P7KgB1-1u","jetpack-related-posts":[{"id":31,"url":"http:\/\/ict.uach.cl\/?page_id=31&lang=es","url_meta":{"origin":92,"position":0},"title":"Presentaci\u00f3n","date":"30 June, 2016","format":false,"excerpt":"El Instituto de Ciencias de la Tierra fue creado el 10 de mayo 2015 y se inscribe en una l\u00ednea de tradici\u00f3n de las Geociencias en la Universidad Austral de Chile. Esta tradici\u00f3n comienza al inicio de esta universidad con el Instituto de Geolog\u00eda y Geograf\u00eda, fundado en 1957, y\u2026","rel":"","context":"Similar post","img":{"alt_text":"","src":"","width":0,"height":0},"classes":[]}],"_links":{"self":[{"href":"http:\/\/ict.uach.cl\/index.php?rest_route=\/wp\/v2\/pages\/92"}],"collection":[{"href":"http:\/\/ict.uach.cl\/index.php?rest_route=\/wp\/v2\/pages"}],"about":[{"href":"http:\/\/ict.uach.cl\/index.php?rest_route=\/wp\/v2\/types\/page"}],"author":[{"embeddable":true,"href":"http:\/\/ict.uach.cl\/index.php?rest_route=\/wp\/v2\/users\/4"}],"replies":[{"embeddable":true,"href":"http:\/\/ict.uach.cl\/index.php?rest_route=%2Fwp%2Fv2%2Fcomments&post=92"}],"version-history":[{"count":16,"href":"http:\/\/ict.uach.cl\/index.php?rest_route=\/wp\/v2\/pages\/92\/revisions"}],"predecessor-version":[{"id":1552,"href":"http:\/\/ict.uach.cl\/index.php?rest_route=\/wp\/v2\/pages\/92\/revisions\/1552"}],"wp:attachment":[{"href":"http:\/\/ict.uach.cl\/index.php?rest_route=%2Fwp%2Fv2%2Fmedia&parent=92"}],"curies":[{"name":"wp","href":"https:\/\/api.w.org\/{rel}","templated":true}]}}